{"id":640,"date":"2024-04-28T12:37:48","date_gmt":"2024-04-28T10:37:48","guid":{"rendered":"https:\/\/dlugie.przemyska.pl\/?page_id=640"},"modified":"2024-04-28T12:40:15","modified_gmt":"2024-04-28T10:40:15","slug":"oaza-rodzin","status":"publish","type":"page","link":"https:\/\/dlugie.przemyska.pl\/index.php\/oaza-rodzin\/","title":{"rendered":"Oaza rodzin"},"content":{"rendered":"\t\t<div data-elementor-type=\"wp-page\" data-elementor-id=\"640\" class=\"elementor elementor-640\">\n\t\t\t\t<div class=\"elementor-element elementor-element-c41e057 e-flex e-con-boxed e-con e-parent\" data-id=\"c41e057\" data-element_type=\"container\" data-core-v316-plus=\"true\">\n\t\t\t\t\t<div class=\"e-con-inner\">\n\t\t\t\t<div class=\"elementor-element elementor-element-0599e17 elementor-widget elementor-widget-heading\" data-id=\"0599e17\" data-element_type=\"widget\" data-widget_type=\"heading.default\">\n\t\t\t\t<div class=\"elementor-widget-container\">\n\t\t\t<style>\/*! elementor - v3.20.0 - 26-03-2024 *\/\n.elementor-heading-title{padding:0;margin:0;line-height:1}.elementor-widget-heading .elementor-heading-title[class*=elementor-size-]>a{color:inherit;font-size:inherit;line-height:inherit}.elementor-widget-heading .elementor-heading-title.elementor-size-small{font-size:15px}.elementor-widget-heading .elementor-heading-title.elementor-size-medium{font-size:19px}.elementor-widget-heading .elementor-heading-title.elementor-size-large{font-size:29px}.elementor-widget-heading .elementor-heading-title.elementor-size-xl{font-size:39px}.elementor-widget-heading .elementor-heading-title.elementor-size-xxl{font-size:59px}<\/style><h2 class=\"elementor-heading-title elementor-size-default\">Oaza rodzin<\/h2>\t\t<\/div>\n\t\t\t\t<\/div>\n\t\t\t\t\t<\/div>\n\t\t\t\t<\/div>\n\t\t<div class=\"elementor-element elementor-element-0651069 e-flex e-con-boxed e-con e-parent\" data-id=\"0651069\" data-element_type=\"container\" data-core-v316-plus=\"true\">\n\t\t\t\t\t<div class=\"e-con-inner\">\n\t\t\t\t<div class=\"elementor-element elementor-element-579645a elementor-widget elementor-widget-image\" data-id=\"579645a\" data-element_type=\"widget\" data-widget_type=\"image.default\">\n\t\t\t\t<div class=\"elementor-widget-container\">\n\t\t\t<style>\/*! elementor - v3.20.0 - 26-03-2024 *\/\n.elementor-widget-image{text-align:center}.elementor-widget-image a{display:inline-block}.elementor-widget-image a img[src$=\".svg\"]{width:48px}.elementor-widget-image img{vertical-align:middle;display:inline-block}<\/style>\t\t\t\t\t\t\t\t\t\t<img fetchpriority=\"high\" decoding=\"async\" width=\"1600\" height=\"1200\" src=\"https:\/\/dlugie.przemyska.pl\/wp-content\/uploads\/2024\/04\/IMG-20190227-WA0000.jpg\" class=\"attachment-full size-full wp-image-642\" alt=\"\" srcset=\"https:\/\/dlugie.przemyska.pl\/wp-content\/uploads\/2024\/04\/IMG-20190227-WA0000.jpg 1600w, https:\/\/dlugie.przemyska.pl\/wp-content\/uploads\/2024\/04\/IMG-20190227-WA0000-300x225.jpg 300w, https:\/\/dlugie.przemyska.pl\/wp-content\/uploads\/2024\/04\/IMG-20190227-WA0000-1024x768.jpg 1024w, https:\/\/dlugie.przemyska.pl\/wp-content\/uploads\/2024\/04\/IMG-20190227-WA0000-768x576.jpg 768w, https:\/\/dlugie.przemyska.pl\/wp-content\/uploads\/2024\/04\/IMG-20190227-WA0000-1536x1152.jpg 1536w\" sizes=\"(max-width: 1600px) 100vw, 1600px\" \/>\t\t\t\t\t\t\t\t\t\t\t\t\t<\/div>\n\t\t\t\t<\/div>\n\t\t\t\t\t<\/div>\n\t\t\t\t<\/div>\n\t\t<div class=\"elementor-element elementor-element-cad4de2 e-flex e-con-boxed e-con e-parent\" data-id=\"cad4de2\" data-element_type=\"container\" data-core-v316-plus=\"true\">\n\t\t\t\t\t<div class=\"e-con-inner\">\n\t\t\t\t<div class=\"elementor-element elementor-element-887173e elementor-widget elementor-widget-text-editor\" data-id=\"887173e\" data-element_type=\"widget\" data-widget_type=\"text-editor.default\">\n\t\t\t\t<div class=\"elementor-widget-container\">\n\t\t\t<style>\/*! elementor - v3.20.0 - 26-03-2024 *\/\n.elementor-widget-text-editor.elementor-drop-cap-view-stacked .elementor-drop-cap{background-color:#69727d;color:#fff}.elementor-widget-text-editor.elementor-drop-cap-view-framed .elementor-drop-cap{color:#69727d;border:3px solid;background-color:transparent}.elementor-widget-text-editor:not(.elementor-drop-cap-view-default) .elementor-drop-cap{margin-top:8px}.elementor-widget-text-editor:not(.elementor-drop-cap-view-default) .elementor-drop-cap-letter{width:1em;height:1em}.elementor-widget-text-editor .elementor-drop-cap{float:left;text-align:center;line-height:1;font-size:50px}.elementor-widget-text-editor .elementor-drop-cap-letter{display:inline-block}<\/style>\t\t\t\t<h4>Domowy Ko\u015bci\u00f3\u0142 &#8211; Ga\u0142\u0105\u017a Rodzinna Ruchu \u015awiat\u0142o-\u017bycie w D\u0142ugiem<\/h4>\n\nDomowy Ko\u015bci\u00f3\u0142 jest ma\u0142\u017ce\u0144sko-rodzinnym ruchem \u015bwieckich w ko\u015bciele. Jego za\u0142o\u017cycielem jest s\u0142uga Bo\u017cy ksi\u0105dz Franciszek Blachnicki. Duchow\u0105 kolebk\u0105 Domowego Ko\u015bcio\u0142a jest Kro\u015bcienko nad Dunajcem. W naszej parafii Domowy Ko\u015bci\u00f3\u0142 zacz\u0105\u0142 dzia\u0142alno\u015b\u0107 w 1994r. Szczeg\u00f3ln\u0105 uwag\u0119 zwracamy na duchowo\u015b\u0107 ma\u0142\u017ce\u0144sk\u0105, czyli d\u0105\u017cenie do jedno\u015bci ze wsp\u00f3\u0142ma\u0142\u017conkiem. Ka\u017cde ma\u0142\u017ce\u0144stwo stara si\u0119 uczestniczych w rekolekcjach przynajmniej raz w roku, aby tym sposobem &#8222;na\u0142adowa\u0107 akumulatory&#8221; do pracy nad sob\u0105 oraz w s\u0142u\u017cbie drugiemu cz\u0142owiekowi podejmuj\u0105c r\u00f3\u017cnego rodzaju pos\u0142ugi.\n\nNasz kr\u0105g formuje si\u0119 poprzez comiesi\u0119czne spotkania, w kt\u00f3rych uczestniczy kap\u0142an. W trakcie nich pochylamy si\u0119 nad S\u0142owem Bo\u017cym oraz dzielimy si\u0119 darami, jakie otrzymali\u015bmy i kt\u00f3re pomagaj\u0105 nam we wzrastaniu na drodze duchowo\u015bci ma\u0142\u017ce\u0144skiej.\n\nB\u0119d\u0105 w Domowym Ko\u015bciele nasze \u017cycie zacz\u0119\u0142o si\u0119 zmienia\u0107, przede wszystkim odnale\u017ali\u015bmy Boga i siebie. \u017bycie we wsp\u00f3lnocie daje nam wiele rado\u015bci, pozwala nad odczuwa\u0107, \u017ce nie jeste\u015bmy sami, ale jest z nami Jezus.\n\nChwa\u0142a Panu.\t\t\t\t\t\t<\/div>\n\t\t\t\t<\/div>\n\t\t\t\t\t<\/div>\n\t\t\t\t<\/div>\n\t\t\t\t<\/div>\n\t\t","protected":false},"excerpt":{"rendered":"<p>Oaza rodzin Domowy Ko\u015bci\u00f3\u0142 &#8211; Ga\u0142\u0105\u017a Rodzinna Ruchu \u015awiat\u0142o-\u017bycie w D\u0142ugiem Domowy Ko\u015bci\u00f3\u0142 jest ma\u0142\u017ce\u0144sko-rodzinnym ruchem \u015bwieckich w ko\u015bciele. Jego za\u0142o\u017cycielem jest s\u0142uga Bo\u017cy ksi\u0105dz Franciszek Blachnicki. Duchow\u0105 kolebk\u0105 Domowego Ko\u015bcio\u0142a jest Kro\u015bcienko nad Dunajcem. W naszej parafii Domowy Ko\u015bci\u00f3\u0142 zacz\u0105\u0142 dzia\u0142alno\u015b\u0107 w 1994r. Szczeg\u00f3ln\u0105 uwag\u0119 zwracamy na duchowo\u015b\u0107 ma\u0142\u017ce\u0144sk\u0105, czyli d\u0105\u017cenie do jedno\u015bci ze &hellip;<\/p>\n<p class=\"read-more\"> <a class=\"\" href=\"https:\/\/dlugie.przemyska.pl\/index.php\/oaza-rodzin\/\"> <span class=\"screen-reader-text\">Oaza rodzin<\/span> Read More &raquo;<\/a><\/p>\n","protected":false},"author":1,"featured_media":0,"parent":0,"menu_order":0,"comment_status":"closed","ping_status":"closed","template":"","meta":{"site-sidebar-layout":"no-sidebar","site-content-layout":"","ast-site-content-layout":"full-width-container","site-content-style":"default","site-sidebar-style":"default","ast-global-header-display":"","ast-banner-title-visibility":"","ast-main-header-display":"","ast-hfb-above-header-display":"","ast-hfb-below-header-display":"","ast-hfb-mobile-header-display":"","site-post-title":"disabled","ast-breadcrumbs-content":"","ast-featured-img":"disabled","footer-sml-layout":"","theme-transparent-header-meta":"","adv-header-id-meta":"","stick-header-meta":"","header-above-stick-meta":"","header-main-stick-meta":"","header-below-stick-meta":"","astra-migrate-meta-layouts":"","ast-page-background-enabled":"default","ast-page-background-meta":{"desktop":{"background-color":"var(--ast-global-color-4)","background-image":"","background-repeat":"repeat","background-position":"center center","background-size":"auto","background-attachment":"scroll","background-type":"","background-media":"","overlay-type":"","overlay-color":"","overlay-gradient":""},"tablet":{"background-color":"","background-image":"","background-repeat":"repeat","background-position":"center center","background-size":"auto","background-attachment":"scroll","background-type":"","background-media":"","overlay-type":"","overlay-color":"","overlay-gradient":""},"mobile":{"background-color":"","background-image":"","background-repeat":"repeat","background-position":"center center","background-size":"auto","background-attachment":"scroll","background-type":"","background-media":"","overlay-type":"","overlay-color":"","overlay-gradient":""}},"ast-content-background-meta":{"desktop":{"background-color":"var(--ast-global-color-5)","background-image":"","background-repeat":"repeat","background-position":"center center","background-size":"auto","background-attachment":"scroll","background-type":"","background-media":"","overlay-type":"","overlay-color":"","overlay-gradient":""},"tablet":{"background-color":"var(--ast-global-color-5)","background-image":"","background-repeat":"repeat","background-position":"center center","background-size":"auto","background-attachment":"scroll","background-type":"","background-media":"","overlay-type":"","overlay-color":"","overlay-gradient":""},"mobile":{"background-color":"var(--ast-global-color-5)","background-image":"","background-repeat":"repeat","background-position":"center center","background-size":"auto","background-attachment":"scroll","background-type":"","background-media":"","overlay-type":"","overlay-color":"","overlay-gradient":""}},"footnotes":""},"class_list":["post-640","page","type-page","status-publish","hentry"],"_links":{"self":[{"href":"https:\/\/dlugie.przemyska.pl\/index.php\/wp-json\/wp\/v2\/pages\/640","targetHints":{"allow":["GET"]}}],"collection":[{"href":"https:\/\/dlugie.przemyska.pl\/index.php\/wp-json\/wp\/v2\/pages"}],"about":[{"href":"https:\/\/dlugie.przemyska.pl\/index.php\/wp-json\/wp\/v2\/types\/page"}],"author":[{"embeddable":true,"href":"https:\/\/dlugie.przemyska.pl\/index.php\/wp-json\/wp\/v2\/users\/1"}],"replies":[{"embeddable":true,"href":"https:\/\/dlugie.przemyska.pl\/index.php\/wp-json\/wp\/v2\/comments?post=640"}],"version-history":[{"count":4,"href":"https:\/\/dlugie.przemyska.pl\/index.php\/wp-json\/wp\/v2\/pages\/640\/revisions"}],"predecessor-version":[{"id":645,"href":"https:\/\/dlugie.przemyska.pl\/index.php\/wp-json\/wp\/v2\/pages\/640\/revisions\/645"}],"wp:attachment":[{"href":"https:\/\/dlugie.przemyska.pl\/index.php\/wp-json\/wp\/v2\/media?parent=640"}],"curies":[{"name":"wp","href":"https:\/\/api.w.org\/{rel}","templated":true}]}}