{"id":632,"date":"2024-04-28T12:16:25","date_gmt":"2024-04-28T10:16:25","guid":{"rendered":"https:\/\/dlugie.przemyska.pl\/?page_id=632"},"modified":"2026-04-05T08:05:40","modified_gmt":"2026-04-05T06:05:40","slug":"ministranci","status":"publish","type":"page","link":"https:\/\/dlugie.przemyska.pl\/index.php\/ministranci\/","title":{"rendered":"Ministranci"},"content":{"rendered":"\t\t<div data-elementor-type=\"wp-page\" data-elementor-id=\"632\" class=\"elementor elementor-632\">\n\t\t\t\t<div class=\"elementor-element elementor-element-7b79a3b e-flex e-con-boxed e-con e-parent\" data-id=\"7b79a3b\" data-element_type=\"container\" data-core-v316-plus=\"true\">\n\t\t\t\t\t<div class=\"e-con-inner\">\n\t\t\t\t<div class=\"elementor-element elementor-element-2cfe6c1 elementor-widget elementor-widget-heading\" data-id=\"2cfe6c1\" data-element_type=\"widget\" data-widget_type=\"heading.default\">\n\t\t\t\t<div class=\"elementor-widget-container\">\n\t\t\t<style>\/*! elementor - v3.20.0 - 26-03-2024 *\/\n.elementor-heading-title{padding:0;margin:0;line-height:1}.elementor-widget-heading .elementor-heading-title[class*=elementor-size-]>a{color:inherit;font-size:inherit;line-height:inherit}.elementor-widget-heading .elementor-heading-title.elementor-size-small{font-size:15px}.elementor-widget-heading .elementor-heading-title.elementor-size-medium{font-size:19px}.elementor-widget-heading .elementor-heading-title.elementor-size-large{font-size:29px}.elementor-widget-heading .elementor-heading-title.elementor-size-xl{font-size:39px}.elementor-widget-heading .elementor-heading-title.elementor-size-xxl{font-size:59px}<\/style><h2 class=\"elementor-heading-title elementor-size-default\">S\u0142u\u017cba liturgiczna<\/h2>\t\t<\/div>\n\t\t\t\t<\/div>\n\t\t\t\t\t<\/div>\n\t\t\t\t<\/div>\n\t\t<div class=\"elementor-element elementor-element-505eafa e-flex e-con-boxed e-con e-parent\" data-id=\"505eafa\" data-element_type=\"container\" data-core-v316-plus=\"true\">\n\t\t\t\t\t<div class=\"e-con-inner\">\n\t\t\t\t<div class=\"elementor-element elementor-element-51ae532 elementor-widget elementor-widget-image\" data-id=\"51ae532\" data-element_type=\"widget\" data-widget_type=\"image.default\">\n\t\t\t\t<div class=\"elementor-widget-container\">\n\t\t\t<style>\/*! elementor - v3.20.0 - 26-03-2024 *\/\n.elementor-widget-image{text-align:center}.elementor-widget-image a{display:inline-block}.elementor-widget-image a img[src$=\".svg\"]{width:48px}.elementor-widget-image img{vertical-align:middle;display:inline-block}<\/style>\t\t\t\t\t\t\t\t\t\t<img fetchpriority=\"high\" decoding=\"async\" width=\"2560\" height=\"1700\" src=\"https:\/\/dlugie.przemyska.pl\/wp-content\/uploads\/2024\/04\/DSC_1889-scaled.jpg\" class=\"attachment-full size-full wp-image-634\" alt=\"\" srcset=\"https:\/\/dlugie.przemyska.pl\/wp-content\/uploads\/2024\/04\/DSC_1889-scaled.jpg 2560w, https:\/\/dlugie.przemyska.pl\/wp-content\/uploads\/2024\/04\/DSC_1889-300x199.jpg 300w, https:\/\/dlugie.przemyska.pl\/wp-content\/uploads\/2024\/04\/DSC_1889-1024x680.jpg 1024w, https:\/\/dlugie.przemyska.pl\/wp-content\/uploads\/2024\/04\/DSC_1889-768x510.jpg 768w, https:\/\/dlugie.przemyska.pl\/wp-content\/uploads\/2024\/04\/DSC_1889-1536x1020.jpg 1536w, https:\/\/dlugie.przemyska.pl\/wp-content\/uploads\/2024\/04\/DSC_1889-2048x1360.jpg 2048w\" sizes=\"(max-width: 2560px) 100vw, 2560px\" \/>\t\t\t\t\t\t\t\t\t\t\t\t\t<\/div>\n\t\t\t\t<\/div>\n\t\t\t\t\t<\/div>\n\t\t\t\t<\/div>\n\t\t<div class=\"elementor-element elementor-element-711e31e e-flex e-con-boxed e-con e-parent\" data-id=\"711e31e\" data-element_type=\"container\" data-core-v316-plus=\"true\">\n\t\t\t\t\t<div class=\"e-con-inner\">\n\t\t<div class=\"elementor-element elementor-element-f22de99 e-con-full e-flex e-con e-child\" data-id=\"f22de99\" data-element_type=\"container\" data-settings=\"{&quot;background_background&quot;:&quot;classic&quot;}\">\n\t\t\t\t<div class=\"elementor-element elementor-element-037c3cc elementor-widget elementor-widget-heading\" data-id=\"037c3cc\" data-element_type=\"widget\" data-widget_type=\"heading.default\">\n\t\t\t\t<div class=\"elementor-widget-container\">\n\t\t\t<h2 class=\"elementor-heading-title elementor-size-default\">Sk\u0142ad s\u0142u\u017cby<\/h2>\t\t<\/div>\n\t\t\t\t<\/div>\n\t\t\t\t<\/div>\n\t\t<div class=\"elementor-element elementor-element-77c46a5 e-con-full e-flex e-con e-child\" data-id=\"77c46a5\" data-element_type=\"container\" data-settings=\"{&quot;background_background&quot;:&quot;classic&quot;}\">\n\t\t\t\t<div class=\"elementor-element elementor-element-7201182 elementor-widget elementor-widget-text-editor\" data-id=\"7201182\" data-element_type=\"widget\" data-widget_type=\"text-editor.default\">\n\t\t\t\t<div class=\"elementor-widget-container\">\n\t\t\t<style>\/*! elementor - v3.20.0 - 26-03-2024 *\/\n.elementor-widget-text-editor.elementor-drop-cap-view-stacked .elementor-drop-cap{background-color:#69727d;color:#fff}.elementor-widget-text-editor.elementor-drop-cap-view-framed .elementor-drop-cap{color:#69727d;border:3px solid;background-color:transparent}.elementor-widget-text-editor:not(.elementor-drop-cap-view-default) .elementor-drop-cap{margin-top:8px}.elementor-widget-text-editor:not(.elementor-drop-cap-view-default) .elementor-drop-cap-letter{width:1em;height:1em}.elementor-widget-text-editor .elementor-drop-cap{float:left;text-align:center;line-height:1;font-size:50px}.elementor-widget-text-editor .elementor-drop-cap-letter{display:inline-block}<\/style>\t\t\t\t<h4>Grupa m\u0142odsza<\/h4><ul><li>Wojciech Ma\u0142ek<\/li><li>Antoni Halisz<\/li><li>Stanis\u0142aw Twardy<\/li><li>Filip Tutak<\/li><li>Kamil Wojto\u0144<\/li><li>Fabian Florian<\/li><li>Dominik Radwa\u0144ski<\/li><li>Szymon Szajna<\/li><li>Kacper Kr\u00f3l<\/li><li>Tymon Tutak<\/li><li>Hubert W\u0142adyka<\/li><li>Filip Sobka<\/li><li>Maksymilian Ku\u017a<\/li><\/ul>\t\t\t\t\t\t<\/div>\n\t\t\t\t<\/div>\n\t\t\t\t<\/div>\n\t\t<div class=\"elementor-element elementor-element-4f2e0c9 e-con-full e-flex e-con e-child\" data-id=\"4f2e0c9\" data-element_type=\"container\" data-settings=\"{&quot;background_background&quot;:&quot;classic&quot;}\">\n\t\t\t\t<div class=\"elementor-element elementor-element-3858469 elementor-widget elementor-widget-text-editor\" data-id=\"3858469\" data-element_type=\"widget\" data-widget_type=\"text-editor.default\">\n\t\t\t\t<div class=\"elementor-widget-container\">\n\t\t\t\t\t\t\t<h4>Grupa starsza<\/h4><ul><li>Jakub Pisaniak<\/li><li>Jakub Halisz<\/li><li>Szymon Markowski<\/li><li>Rafa\u0142 Kuzian<\/li><li>Cristian Tutak<\/li><li>Micha\u0142 W\u0119grzyn<\/li><li>Krystian Florian<\/li><li>Jakub Pir\u00f3g<\/li><li>Grzegorz Halisz<\/li><li>Wiktor Suwa\u0142a<\/li><li>Mateusz Suwa\u0142a<\/li><\/ul>\t\t\t\t\t\t<\/div>\n\t\t\t\t<\/div>\n\t\t\t\t<\/div>\n\t\t\t\t\t<\/div>\n\t\t\t\t<\/div>\n\t\t\t\t<\/div>\n\t\t","protected":false},"excerpt":{"rendered":"<p>S\u0142u\u017cba liturgiczna Sk\u0142ad s\u0142u\u017cby Grupa m\u0142odsza Wojciech Ma\u0142ek Antoni Halisz Stanis\u0142aw Twardy Filip Tutak Kamil Wojto\u0144 Fabian Florian Dominik Radwa\u0144ski Szymon Szajna Kacper Kr\u00f3l Tymon Tutak Hubert W\u0142adyka Filip Sobka Maksymilian Ku\u017a Grupa starsza Jakub Pisaniak Jakub Halisz Szymon Markowski Rafa\u0142 Kuzian Cristian Tutak Micha\u0142 W\u0119grzyn Krystian Florian Jakub Pir\u00f3g Grzegorz Halisz Wiktor Suwa\u0142a Mateusz &hellip;<\/p>\n<p class=\"read-more\"> <a class=\"\" href=\"https:\/\/dlugie.przemyska.pl\/index.php\/ministranci\/\"> <span class=\"screen-reader-text\">Ministranci<\/span> Read More &raquo;<\/a><\/p>\n","protected":false},"author":1,"featured_media":0,"parent":0,"menu_order":0,"comment_status":"closed","ping_status":"closed","template":"","meta":{"site-sidebar-layout":"no-sidebar","site-content-layout":"","ast-site-content-layout":"full-width-container","site-content-style":"default","site-sidebar-style":"default","ast-global-header-display":"","ast-banner-title-visibility":"","ast-main-header-display":"","ast-hfb-above-header-display":"","ast-hfb-below-header-display":"","ast-hfb-mobile-header-display":"","site-post-title":"disabled","ast-breadcrumbs-content":"","ast-featured-img":"disabled","footer-sml-layout":"","theme-transparent-header-meta":"","adv-header-id-meta":"","stick-header-meta":"","header-above-stick-meta":"","header-main-stick-meta":"","header-below-stick-meta":"","astra-migrate-meta-layouts":"","ast-page-background-enabled":"default","ast-page-background-meta":{"desktop":{"background-color":"var(--ast-global-color-4)","background-image":"","background-repeat":"repeat","background-position":"center center","background-size":"auto","background-attachment":"scroll","background-type":"","background-media":"","overlay-type":"","overlay-color":"","overlay-gradient":""},"tablet":{"background-color":"","background-image":"","background-repeat":"repeat","background-position":"center center","background-size":"auto","background-attachment":"scroll","background-type":"","background-media":"","overlay-type":"","overlay-color":"","overlay-gradient":""},"mobile":{"background-color":"","background-image":"","background-repeat":"repeat","background-position":"center center","background-size":"auto","background-attachment":"scroll","background-type":"","background-media":"","overlay-type":"","overlay-color":"","overlay-gradient":""}},"ast-content-background-meta":{"desktop":{"background-color":"var(--ast-global-color-5)","background-image":"","background-repeat":"repeat","background-position":"center center","background-size":"auto","background-attachment":"scroll","background-type":"","background-media":"","overlay-type":"","overlay-color":"","overlay-gradient":""},"tablet":{"background-color":"var(--ast-global-color-5)","background-image":"","background-repeat":"repeat","background-position":"center center","background-size":"auto","background-attachment":"scroll","background-type":"","background-media":"","overlay-type":"","overlay-color":"","overlay-gradient":""},"mobile":{"background-color":"var(--ast-global-color-5)","background-image":"","background-repeat":"repeat","background-position":"center center","background-size":"auto","background-attachment":"scroll","background-type":"","background-media":"","overlay-type":"","overlay-color":"","overlay-gradient":""}},"footnotes":""},"class_list":["post-632","page","type-page","status-publish","hentry"],"_links":{"self":[{"href":"https:\/\/dlugie.przemyska.pl\/index.php\/wp-json\/wp\/v2\/pages\/632","targetHints":{"allow":["GET"]}}],"collection":[{"href":"https:\/\/dlugie.przemyska.pl\/index.php\/wp-json\/wp\/v2\/pages"}],"about":[{"href":"https:\/\/dlugie.przemyska.pl\/index.php\/wp-json\/wp\/v2\/types\/page"}],"author":[{"embeddable":true,"href":"https:\/\/dlugie.przemyska.pl\/index.php\/wp-json\/wp\/v2\/users\/1"}],"replies":[{"embeddable":true,"href":"https:\/\/dlugie.przemyska.pl\/index.php\/wp-json\/wp\/v2\/comments?post=632"}],"version-history":[{"count":7,"href":"https:\/\/dlugie.przemyska.pl\/index.php\/wp-json\/wp\/v2\/pages\/632\/revisions"}],"predecessor-version":[{"id":1615,"href":"https:\/\/dlugie.przemyska.pl\/index.php\/wp-json\/wp\/v2\/pages\/632\/revisions\/1615"}],"wp:attachment":[{"href":"https:\/\/dlugie.przemyska.pl\/index.php\/wp-json\/wp\/v2\/media?parent=632"}],"curies":[{"name":"wp","href":"https:\/\/api.w.org\/{rel}","templated":true}]}}