{"id":602,"date":"2024-04-22T13:00:07","date_gmt":"2024-04-22T11:00:07","guid":{"rendered":"https:\/\/dlugie.przemyska.pl\/?page_id=602"},"modified":"2024-04-22T13:12:20","modified_gmt":"2024-04-22T11:12:20","slug":"historia-parafii","status":"publish","type":"page","link":"https:\/\/dlugie.przemyska.pl\/index.php\/historia-parafii\/","title":{"rendered":"Historia parafii"},"content":{"rendered":"\t\t<div data-elementor-type=\"wp-page\" data-elementor-id=\"602\" class=\"elementor elementor-602\">\n\t\t\t\t<div class=\"elementor-element elementor-element-39aa68b e-flex e-con-boxed e-con e-parent\" data-id=\"39aa68b\" data-element_type=\"container\" data-core-v316-plus=\"true\">\n\t\t\t\t\t<div class=\"e-con-inner\">\n\t\t\t\t<div class=\"elementor-element elementor-element-a01494e elementor-widget elementor-widget-heading\" data-id=\"a01494e\" data-element_type=\"widget\" data-widget_type=\"heading.default\">\n\t\t\t\t<div class=\"elementor-widget-container\">\n\t\t\t<style>\/*! elementor - v3.20.0 - 26-03-2024 *\/\n.elementor-heading-title{padding:0;margin:0;line-height:1}.elementor-widget-heading .elementor-heading-title[class*=elementor-size-]>a{color:inherit;font-size:inherit;line-height:inherit}.elementor-widget-heading .elementor-heading-title.elementor-size-small{font-size:15px}.elementor-widget-heading .elementor-heading-title.elementor-size-medium{font-size:19px}.elementor-widget-heading .elementor-heading-title.elementor-size-large{font-size:29px}.elementor-widget-heading .elementor-heading-title.elementor-size-xl{font-size:39px}.elementor-widget-heading .elementor-heading-title.elementor-size-xxl{font-size:59px}<\/style><h2 class=\"elementor-heading-title elementor-size-default\">Historia parafii<\/h2>\t\t<\/div>\n\t\t\t\t<\/div>\n\t\t\t\t\t<\/div>\n\t\t\t\t<\/div>\n\t\t<div class=\"elementor-element elementor-element-45e5728 e-flex e-con-boxed e-con e-parent\" data-id=\"45e5728\" data-element_type=\"container\" data-core-v316-plus=\"true\">\n\t\t\t\t\t<div class=\"e-con-inner\">\n\t\t\t\t<div class=\"elementor-element elementor-element-aac2314 elementor-arrows-position-inside elementor-pagination-position-outside elementor-widget elementor-widget-image-carousel\" data-id=\"aac2314\" data-element_type=\"widget\" data-settings=\"{&quot;slides_to_show&quot;:&quot;1&quot;,&quot;navigation&quot;:&quot;both&quot;,&quot;autoplay&quot;:&quot;yes&quot;,&quot;pause_on_hover&quot;:&quot;yes&quot;,&quot;pause_on_interaction&quot;:&quot;yes&quot;,&quot;autoplay_speed&quot;:5000,&quot;infinite&quot;:&quot;yes&quot;,&quot;effect&quot;:&quot;slide&quot;,&quot;speed&quot;:500}\" data-widget_type=\"image-carousel.default\">\n\t\t\t\t<div class=\"elementor-widget-container\">\n\t\t\t<style>\/*! elementor - v3.20.0 - 26-03-2024 *\/\n.elementor-widget-image-carousel .swiper,.elementor-widget-image-carousel .swiper-container{position:static}.elementor-widget-image-carousel .swiper-container .swiper-slide figure,.elementor-widget-image-carousel .swiper .swiper-slide figure{line-height:inherit}.elementor-widget-image-carousel .swiper-slide{text-align:center}.elementor-image-carousel-wrapper:not(.swiper-container-initialized):not(.swiper-initialized) .swiper-slide{max-width:calc(100% \/ var(--e-image-carousel-slides-to-show, 3))}<\/style>\t\t<div class=\"elementor-image-carousel-wrapper swiper\" dir=\"ltr\">\n\t\t\t<div class=\"elementor-image-carousel swiper-wrapper\" aria-live=\"off\">\n\t\t\t\t\t\t\t\t<div class=\"swiper-slide\" role=\"group\" aria-roledescription=\"slide\" aria-label=\"1 of 10\"><figure class=\"swiper-slide-inner\"><img decoding=\"async\" class=\"swiper-slide-image\" src=\"https:\/\/dlugie.przemyska.pl\/wp-content\/uploads\/2024\/04\/001-300x209.jpg\" alt=\"001\" \/><\/figure><\/div><div class=\"swiper-slide\" role=\"group\" aria-roledescription=\"slide\" aria-label=\"2 of 10\"><figure class=\"swiper-slide-inner\"><img decoding=\"async\" class=\"swiper-slide-image\" src=\"https:\/\/dlugie.przemyska.pl\/wp-content\/uploads\/2024\/04\/007-300x200.jpg\" alt=\"Zakupiony budynek mieszkalny\" \/><figcaption class=\"elementor-image-carousel-caption\">Zakupiony budynek mieszkalny<\/figcaption><\/figure><\/div><div class=\"swiper-slide\" role=\"group\" aria-roledescription=\"slide\" aria-label=\"3 of 10\"><figure class=\"swiper-slide-inner\"><img decoding=\"async\" class=\"swiper-slide-image\" src=\"https:\/\/dlugie.przemyska.pl\/wp-content\/uploads\/2024\/04\/033-300x202.jpg\" alt=\"Kaplica z zewn\u0105trz\" \/><figcaption class=\"elementor-image-carousel-caption\">Kaplica z zewn\u0105trz<\/figcaption><\/figure><\/div><div class=\"swiper-slide\" role=\"group\" aria-roledescription=\"slide\" aria-label=\"4 of 10\"><figure class=\"swiper-slide-inner\"><img decoding=\"async\" class=\"swiper-slide-image\" src=\"https:\/\/dlugie.przemyska.pl\/wp-content\/uploads\/2024\/04\/035-300x200.jpg\" alt=\"Kaplica z zewn\u0105trz\" \/><figcaption class=\"elementor-image-carousel-caption\">Kaplica z zewn\u0105trz<\/figcaption><\/figure><\/div><div class=\"swiper-slide\" role=\"group\" aria-roledescription=\"slide\" aria-label=\"5 of 10\"><figure class=\"swiper-slide-inner\"><img decoding=\"async\" class=\"swiper-slide-image\" src=\"https:\/\/dlugie.przemyska.pl\/wp-content\/uploads\/2024\/04\/036-300x199.jpg\" alt=\"Szko\u0142a katachetyczna z zewn\u0105trz\" \/><figcaption class=\"elementor-image-carousel-caption\">Szko\u0142a katachetyczna z zewn\u0105trz<\/figcaption><\/figure><\/div><div class=\"swiper-slide\" role=\"group\" aria-roledescription=\"slide\" aria-label=\"6 of 10\"><figure class=\"swiper-slide-inner\"><img decoding=\"async\" class=\"swiper-slide-image\" src=\"https:\/\/dlugie.przemyska.pl\/wp-content\/uploads\/2024\/04\/040-300x200.jpg\" alt=\"O\u0142tarz w starej kaplicy\" \/><figcaption class=\"elementor-image-carousel-caption\">O\u0142tarz w starej kaplicy<\/figcaption><\/figure><\/div><div class=\"swiper-slide\" role=\"group\" aria-roledescription=\"slide\" aria-label=\"7 of 10\"><figure class=\"swiper-slide-inner\"><img decoding=\"async\" class=\"swiper-slide-image\" src=\"https:\/\/dlugie.przemyska.pl\/wp-content\/uploads\/2024\/04\/125-200x300.jpg\" alt=\"Nowy ko\u015bci\u00f3\u0142 w trakcie budowy\" \/><figcaption class=\"elementor-image-carousel-caption\">Nowy ko\u015bci\u00f3\u0142 w trakcie budowy<\/figcaption><\/figure><\/div><div class=\"swiper-slide\" role=\"group\" aria-roledescription=\"slide\" aria-label=\"8 of 10\"><figure class=\"swiper-slide-inner\"><img decoding=\"async\" class=\"swiper-slide-image\" src=\"https:\/\/dlugie.przemyska.pl\/wp-content\/uploads\/2024\/04\/130-199x300.jpg\" alt=\"Nowy ko\u015bci\u00f3\u0142 w trakcie budowy\" \/><figcaption class=\"elementor-image-carousel-caption\">Nowy ko\u015bci\u00f3\u0142 w trakcie budowy<\/figcaption><\/figure><\/div><div class=\"swiper-slide\" role=\"group\" aria-roledescription=\"slide\" aria-label=\"9 of 10\"><figure class=\"swiper-slide-inner\"><img decoding=\"async\" class=\"swiper-slide-image\" src=\"https:\/\/dlugie.przemyska.pl\/wp-content\/uploads\/2024\/04\/135-300x200.jpg\" alt=\"Nowy ko\u015bci\u00f3\u0142 w trakcie budowy\" \/><figcaption class=\"elementor-image-carousel-caption\">Nowy ko\u015bci\u00f3\u0142 w trakcie budowy<\/figcaption><\/figure><\/div><div class=\"swiper-slide\" role=\"group\" aria-roledescription=\"slide\" aria-label=\"10 of 10\"><figure class=\"swiper-slide-inner\"><img decoding=\"async\" class=\"swiper-slide-image\" src=\"https:\/\/dlugie.przemyska.pl\/wp-content\/uploads\/2024\/04\/kosc3-225x300.jpg\" alt=\"Wygl\u0105d ko\u015bcio\u0142a aktualnie\" \/><figcaption class=\"elementor-image-carousel-caption\">Wygl\u0105d ko\u015bcio\u0142a aktualnie<\/figcaption><\/figure><\/div>\t\t\t<\/div>\n\t\t\t\t\t\t\t\t\t\t\t\t<div class=\"elementor-swiper-button elementor-swiper-button-prev\" role=\"button\" tabindex=\"0\">\n\t\t\t\t\t\t<svg aria-hidden=\"true\" class=\"e-font-icon-svg e-eicon-chevron-left\" viewBox=\"0 0 1000 1000\" xmlns=\"http:\/\/www.w3.org\/2000\/svg\"><path d=\"M646 125C629 125 613 133 604 142L308 442C296 454 292 471 292 487 292 504 296 521 308 533L604 854C617 867 629 875 646 875 663 875 679 871 692 858 704 846 713 829 713 812 713 796 708 779 692 767L438 487 692 225C700 217 708 204 708 187 708 171 704 154 692 142 675 129 663 125 646 125Z\"><\/path><\/svg>\t\t\t\t\t<\/div>\n\t\t\t\t\t<div class=\"elementor-swiper-button elementor-swiper-button-next\" role=\"button\" tabindex=\"0\">\n\t\t\t\t\t\t<svg aria-hidden=\"true\" class=\"e-font-icon-svg e-eicon-chevron-right\" viewBox=\"0 0 1000 1000\" xmlns=\"http:\/\/www.w3.org\/2000\/svg\"><path d=\"M696 533C708 521 713 504 713 487 713 471 708 454 696 446L400 146C388 133 375 125 354 125 338 125 325 129 313 142 300 154 292 171 292 187 292 204 296 221 308 233L563 492 304 771C292 783 288 800 288 817 288 833 296 850 308 863 321 871 338 875 354 875 371 875 388 867 400 854L696 533Z\"><\/path><\/svg>\t\t\t\t\t<\/div>\n\t\t\t\t\n\t\t\t\t\t\t\t\t\t<div class=\"swiper-pagination\"><\/div>\n\t\t\t\t\t\t\t\t\t<\/div>\n\t\t\t\t<\/div>\n\t\t\t\t<\/div>\n\t\t\t\t\t<\/div>\n\t\t\t\t<\/div>\n\t\t<div class=\"elementor-element elementor-element-9ede70f e-flex e-con-boxed e-con e-parent\" data-id=\"9ede70f\" data-element_type=\"container\" data-core-v316-plus=\"true\">\n\t\t\t\t\t<div class=\"e-con-inner\">\n\t\t\t\t<div class=\"elementor-element elementor-element-83946ad elementor-widget elementor-widget-text-editor\" data-id=\"83946ad\" data-element_type=\"widget\" data-widget_type=\"text-editor.default\">\n\t\t\t\t<div class=\"elementor-widget-container\">\n\t\t\t<style>\/*! elementor - v3.20.0 - 26-03-2024 *\/\n.elementor-widget-text-editor.elementor-drop-cap-view-stacked .elementor-drop-cap{background-color:#69727d;color:#fff}.elementor-widget-text-editor.elementor-drop-cap-view-framed .elementor-drop-cap{color:#69727d;border:3px solid;background-color:transparent}.elementor-widget-text-editor:not(.elementor-drop-cap-view-default) .elementor-drop-cap{margin-top:8px}.elementor-widget-text-editor:not(.elementor-drop-cap-view-default) .elementor-drop-cap-letter{width:1em;height:1em}.elementor-widget-text-editor .elementor-drop-cap{float:left;text-align:center;line-height:1;font-size:50px}.elementor-widget-text-editor .elementor-drop-cap-letter{display:inline-block}<\/style>\t\t\t\t<p>Historia wsi D\u0142ugie, po\u0142o\u017conej w Do\u0142ach Sanockich, w okolicy o \u017cyznej glebie, na wsch\u00f3d od Sanoka, si\u0119ga czas\u00f3w XVIII i XIX wieku, kiedy to pojawi\u0142y si\u0119 pierwsze wzmianki o istnieniu kaplicy na tym terenie. D\u0142ugie rozwin\u0119\u0142o si\u0119 nad rzek\u0105 Pielnic\u0105, rozci\u0105gaj\u0105c si\u0119 od zachodu na wsch\u00f3d, granicz\u0105c od wschodu z Nowosielcami. Przez wie\u015b przechodzi szosa numer 208, a na jej p\u00f3\u0142nocnym kra\u0144cu znajduje si\u0119 tor kolejowy z przystankiem D\u0142ugie.<\/p><p>Wie\u015b sk\u0142ada si\u0119 z dw\u00f3ch przysi\u00f3\u0142k\u00f3w: Koszary od p\u00f3\u0142nocy i Stachan\u00f3w od po\u0142udnia. Pochodzenie nazwy przysi\u00f3\u0142ka Stachan\u00f3w wi\u0105\u017ce si\u0119 z nazwiskiem kmiecia Stachana, notowanego w aktach grodzkich i ziemskich w XV wieku. Natomiast nazwa Koszary wywodzi si\u0119 prawdopodobnie od zagrody dla owiec, kt\u00f3re jeszcze sto lat temu by\u0142y hodowane na folwarku w D\u0142ugiem.<\/p><p>W 1954 roku przeprowadzono elektryfikacj\u0119, a w 1970 roku gazyfikacj\u0119 wsi. Zarszyn, Posada Zarszy\u0144ska i D\u0142ugie przez wieki tworzy\u0142y jedn\u0105 ca\u0142o\u015b\u0107, maj\u0105c tych samych w\u0142a\u015bcicieli.<\/p><p>Historia miejscowo\u015bci si\u0119ga XIV wieku, kiedy to kr\u00f3l Kazimierz Wielki przy\u0142\u0105czy\u0142 Ziemi\u0119 Sanock\u0105 do Polski. Po jego \u015bmierci obszar ten przeszed\u0142 pod panowanie w\u0119gierskie, a w 1387 roku kr\u00f3lowa Jadwiga obj\u0119\u0142a t\u0119 krain\u0119 w posiadanie. Nie jest pewne, czy D\u0142ugie istnia\u0142o ju\u017c w czasach ruskich przed przy\u0142\u0105czeniem Ziemi Sanockiej do Polski w 1340 roku, jednak brak dokument\u00f3w historycznych z tamtego okresu.<\/p><p>Co do sk\u0142adu narodowo\u015bciowego mieszka\u0144c\u00f3w, od najdawniejszych czas\u00f3w byli oni pochodzenia g\u0142\u00f3wnie polskiego, cho\u0107 niekt\u00f3re nazwiska sugeruj\u0105 pochodzenie ruskie. W D\u0142ugiem istnia\u0142a nawet cerkiew za czas\u00f3w ruskich, o czym \u015bwiadczy\u0107 mia\u0142 cmentarz w ogrodzie Piotra Twardego, znanego r\u00f3wnie\u017c jako \u201ePop\u00f3wki\u201d.<\/p><p>W 1395 roku miejscowo\u015bci\u0105 w\u0142ada\u0142 Jachnik zwany \u201eDzieweczk\u0105\u201d ze Sosweszowa. W kolejnych latach wie\u015b przechodzi\u0142a przez r\u00f3\u017cnych w\u0142a\u015bcicieli, a\u017c w 1845 roku trafi\u0142a w posiadanie Kazimierza Ostaszewskiego. W 1960 roku trzy wspomniane miejscowo\u015bci obchodzi\u0142y swoje 600-lecie.<\/p><p>Wie\u015b D\u0142ugie nie unikn\u0119\u0142a trudnych czas\u00f3w, takich jak najazdy Tatar\u00f3w i Szwed\u00f3w, r\u00f3\u017cne epidemie i kl\u0119ski. Podczas I wojny \u015bwiatowej zgin\u0119\u0142o wielu mieszka\u0144c\u00f3w, a wiele dom\u00f3w uleg\u0142o zniszczeniu. Podobnie by\u0142o podczas II wojny \u015bwiatowej, kt\u00f3ra r\u00f3wnie\u017c przynios\u0142a ofiary w\u015br\u00f3d ludno\u015bci.<\/p><p>D\u0142ugie przez wieki by\u0142o zwi\u0105zane z parafi\u0105 w Zarszynie, gdzie istnia\u0142 ko\u015bci\u00f3\u0142 drewniany pod wezwaniem \u015bw. Marcina od 1441 roku. Kiedy w latach obydwu wojen \u015bwiatowych ko\u015bci\u00f3\u0142 ten uleg\u0142 zniszczeniu, mieszka\u0144cy D\u0142ugiego przyczynili si\u0119 swoj\u0105 ofiarno\u015bci\u0105 i prac\u0105 do jego odbudowy.<\/p><p>W 1980 roku mieszka\u0144cy D\u0142ugiego postanowili mie\u0107 w\u0142asn\u0105 kaplic\u0119 dojazdow\u0105. Zakupili dzia\u0142k\u0119 wraz z budynkiem mieszkalnym i przyst\u0105pili do adaptacji budynku na punkt katechetyczny i kaplic\u0119 mszaln\u0105. 13 marca 1980 roku kaplica zosta\u0142a po\u015bwi\u0119cona przez biskupa Tadeusza B\u0142aszkiewicza pod wezwaniem B\u0142. Jadwigi Kr\u00f3lowej, a jej pierwszym duszpasterzem zosta\u0142 ks. Stanis\u0142aw Orzechowski.<\/p><p>W dniach 6-10 pa\u017adziernika 1980 roku kaplic\u0119 rozbudowano, przed\u0142u\u017caj\u0105c prezbiterium i obijaj\u0105c wn\u0119trze i zewn\u0119trzn\u0105 stron\u0119 deskami. W tylnej cz\u0119\u015bci kaplicy umieszczono zakrysti\u0119 i sal\u0119 katechetyczn\u0105. Kaplica ta posiada\u0142a plan prostok\u0105ta, a jej wn\u0119trze by\u0142o przystosowane do potrzeb wiernych.<\/p><p>W dniu 6 maja 1983 roku rozpocz\u0119to budow\u0119 nowego ko\u015bcio\u0142a, kt\u00f3ry zosta\u0142 oddany do u\u017cytku 9 czerwca 1985 roku z okazji wizytacji kanonicznej. Projekt ko\u015bcio\u0142a i wystroju wn\u0119trza wykona\u0142 architekt Andrzej Smocze\u0144ski z Rzeszowa, a pracami budowlanymi kierowa\u0142 Stanis\u0142aw Ma\u0142ek. Ko\u015bci\u00f3\u0142 ten zosta\u0142 po\u015bwi\u0119cony przez biskupa Ignacego Tokarczuka 11 maja 1986 roku.<\/p>\t\t\t\t\t\t<\/div>\n\t\t\t\t<\/div>\n\t\t\t\t\t<\/div>\n\t\t\t\t<\/div>\n\t\t\t\t<\/div>\n\t\t","protected":false},"excerpt":{"rendered":"<p>Historia parafii Zakupiony budynek mieszkalny Kaplica z zewn\u0105trz Kaplica z zewn\u0105trz Szko\u0142a katachetyczna z zewn\u0105trz O\u0142tarz w starej kaplicy Nowy ko\u015bci\u00f3\u0142 w trakcie budowy Nowy ko\u015bci\u00f3\u0142 w trakcie budowy Nowy ko\u015bci\u00f3\u0142 w trakcie budowy Wygl\u0105d ko\u015bcio\u0142a aktualnie Historia wsi D\u0142ugie, po\u0142o\u017conej w Do\u0142ach Sanockich, w okolicy o \u017cyznej glebie, na wsch\u00f3d od Sanoka, si\u0119ga czas\u00f3w &hellip;<\/p>\n<p class=\"read-more\"> <a class=\"\" href=\"https:\/\/dlugie.przemyska.pl\/index.php\/historia-parafii\/\"> <span class=\"screen-reader-text\">Historia parafii<\/span> Read More &raquo;<\/a><\/p>\n","protected":false},"author":1,"featured_media":0,"parent":0,"menu_order":0,"comment_status":"closed","ping_status":"closed","template":"","meta":{"site-sidebar-layout":"no-sidebar","site-content-layout":"","ast-site-content-layout":"full-width-container","site-content-style":"default","site-sidebar-style":"default","ast-global-header-display":"","ast-banner-title-visibility":"","ast-main-header-display":"","ast-hfb-above-header-display":"","ast-hfb-below-header-display":"","ast-hfb-mobile-header-display":"","site-post-title":"disabled","ast-breadcrumbs-content":"","ast-featured-img":"disabled","footer-sml-layout":"","theme-transparent-header-meta":"","adv-header-id-meta":"","stick-header-meta":"","header-above-stick-meta":"","header-main-stick-meta":"","header-below-stick-meta":"","astra-migrate-meta-layouts":"","ast-page-background-enabled":"default","ast-page-background-meta":{"desktop":{"background-color":"var(--ast-global-color-4)","background-image":"","background-repeat":"repeat","background-position":"center center","background-size":"auto","background-attachment":"scroll","background-type":"","background-media":"","overlay-type":"","overlay-color":"","overlay-gradient":""},"tablet":{"background-color":"","background-image":"","background-repeat":"repeat","background-position":"center center","background-size":"auto","background-attachment":"scroll","background-type":"","background-media":"","overlay-type":"","overlay-color":"","overlay-gradient":""},"mobile":{"background-color":"","background-image":"","background-repeat":"repeat","background-position":"center center","background-size":"auto","background-attachment":"scroll","background-type":"","background-media":"","overlay-type":"","overlay-color":"","overlay-gradient":""}},"ast-content-background-meta":{"desktop":{"background-color":"var(--ast-global-color-5)","background-image":"","background-repeat":"repeat","background-position":"center center","background-size":"auto","background-attachment":"scroll","background-type":"","background-media":"","overlay-type":"","overlay-color":"","overlay-gradient":""},"tablet":{"background-color":"var(--ast-global-color-5)","background-image":"","background-repeat":"repeat","background-position":"center center","background-size":"auto","background-attachment":"scroll","background-type":"","background-media":"","overlay-type":"","overlay-color":"","overlay-gradient":""},"mobile":{"background-color":"var(--ast-global-color-5)","background-image":"","background-repeat":"repeat","background-position":"center center","background-size":"auto","background-attachment":"scroll","background-type":"","background-media":"","overlay-type":"","overlay-color":"","overlay-gradient":""}},"footnotes":""},"class_list":["post-602","page","type-page","status-publish","hentry"],"_links":{"self":[{"href":"https:\/\/dlugie.przemyska.pl\/index.php\/wp-json\/wp\/v2\/pages\/602","targetHints":{"allow":["GET"]}}],"collection":[{"href":"https:\/\/dlugie.przemyska.pl\/index.php\/wp-json\/wp\/v2\/pages"}],"about":[{"href":"https:\/\/dlugie.przemyska.pl\/index.php\/wp-json\/wp\/v2\/types\/page"}],"author":[{"embeddable":true,"href":"https:\/\/dlugie.przemyska.pl\/index.php\/wp-json\/wp\/v2\/users\/1"}],"replies":[{"embeddable":true,"href":"https:\/\/dlugie.przemyska.pl\/index.php\/wp-json\/wp\/v2\/comments?post=602"}],"version-history":[{"count":7,"href":"https:\/\/dlugie.przemyska.pl\/index.php\/wp-json\/wp\/v2\/pages\/602\/revisions"}],"predecessor-version":[{"id":619,"href":"https:\/\/dlugie.przemyska.pl\/index.php\/wp-json\/wp\/v2\/pages\/602\/revisions\/619"}],"wp:attachment":[{"href":"https:\/\/dlugie.przemyska.pl\/index.php\/wp-json\/wp\/v2\/media?parent=602"}],"curies":[{"name":"wp","href":"https:\/\/api.w.org\/{rel}","templated":true}]}}