{"id":594,"date":"2024-04-22T12:52:00","date_gmt":"2024-04-22T10:52:00","guid":{"rendered":"https:\/\/dlugie.przemyska.pl\/?page_id=594"},"modified":"2024-04-22T12:53:59","modified_gmt":"2024-04-22T10:53:59","slug":"akcja-katolicka","status":"publish","type":"page","link":"https:\/\/dlugie.przemyska.pl\/index.php\/akcja-katolicka\/","title":{"rendered":"Akcja katolicka"},"content":{"rendered":"\t\t<div data-elementor-type=\"wp-page\" data-elementor-id=\"594\" class=\"elementor elementor-594\">\n\t\t\t\t<div class=\"elementor-element elementor-element-a648757 e-flex e-con-boxed e-con e-parent\" data-id=\"a648757\" data-element_type=\"container\" data-core-v316-plus=\"true\">\n\t\t\t\t\t<div class=\"e-con-inner\">\n\t\t\t\t<div class=\"elementor-element elementor-element-c584344 elementor-widget elementor-widget-heading\" data-id=\"c584344\" data-element_type=\"widget\" data-widget_type=\"heading.default\">\n\t\t\t\t<div class=\"elementor-widget-container\">\n\t\t\t<style>\/*! elementor - v3.20.0 - 26-03-2024 *\/\n.elementor-heading-title{padding:0;margin:0;line-height:1}.elementor-widget-heading .elementor-heading-title[class*=elementor-size-]>a{color:inherit;font-size:inherit;line-height:inherit}.elementor-widget-heading .elementor-heading-title.elementor-size-small{font-size:15px}.elementor-widget-heading .elementor-heading-title.elementor-size-medium{font-size:19px}.elementor-widget-heading .elementor-heading-title.elementor-size-large{font-size:29px}.elementor-widget-heading .elementor-heading-title.elementor-size-xl{font-size:39px}.elementor-widget-heading .elementor-heading-title.elementor-size-xxl{font-size:59px}<\/style><h2 class=\"elementor-heading-title elementor-size-default\">Akcja katolicka<\/h2>\t\t<\/div>\n\t\t\t\t<\/div>\n\t\t\t\t\t<\/div>\n\t\t\t\t<\/div>\n\t\t<div class=\"elementor-element elementor-element-0b71271 e-flex e-con-boxed e-con e-parent\" data-id=\"0b71271\" data-element_type=\"container\" data-core-v316-plus=\"true\">\n\t\t\t\t\t<div class=\"e-con-inner\">\n\t\t\t\t<div class=\"elementor-element elementor-element-6c8d5f3 elementor-widget elementor-widget-image\" data-id=\"6c8d5f3\" data-element_type=\"widget\" data-widget_type=\"image.default\">\n\t\t\t\t<div class=\"elementor-widget-container\">\n\t\t\t<style>\/*! elementor - v3.20.0 - 26-03-2024 *\/\n.elementor-widget-image{text-align:center}.elementor-widget-image a{display:inline-block}.elementor-widget-image a img[src$=\".svg\"]{width:48px}.elementor-widget-image img{vertical-align:middle;display:inline-block}<\/style>\t\t\t\t\t\t\t\t\t\t<img fetchpriority=\"high\" decoding=\"async\" width=\"2560\" height=\"1707\" src=\"https:\/\/dlugie.przemyska.pl\/wp-content\/uploads\/2024\/04\/IMG_4050-scaled.jpg\" class=\"attachment-full size-full wp-image-596\" alt=\"\" srcset=\"https:\/\/dlugie.przemyska.pl\/wp-content\/uploads\/2024\/04\/IMG_4050-scaled.jpg 2560w, https:\/\/dlugie.przemyska.pl\/wp-content\/uploads\/2024\/04\/IMG_4050-300x200.jpg 300w, https:\/\/dlugie.przemyska.pl\/wp-content\/uploads\/2024\/04\/IMG_4050-1024x683.jpg 1024w, https:\/\/dlugie.przemyska.pl\/wp-content\/uploads\/2024\/04\/IMG_4050-768x512.jpg 768w, https:\/\/dlugie.przemyska.pl\/wp-content\/uploads\/2024\/04\/IMG_4050-1536x1024.jpg 1536w, https:\/\/dlugie.przemyska.pl\/wp-content\/uploads\/2024\/04\/IMG_4050-2048x1365.jpg 2048w\" sizes=\"(max-width: 2560px) 100vw, 2560px\" \/>\t\t\t\t\t\t\t\t\t\t\t\t\t<\/div>\n\t\t\t\t<\/div>\n\t\t\t\t\t<\/div>\n\t\t\t\t<\/div>\n\t\t<div class=\"elementor-element elementor-element-6af91a5 e-flex e-con-boxed e-con e-parent\" data-id=\"6af91a5\" data-element_type=\"container\" data-core-v316-plus=\"true\">\n\t\t\t\t\t<div class=\"e-con-inner\">\n\t\t\t\t<div class=\"elementor-element elementor-element-756bcb5 elementor-widget elementor-widget-text-editor\" data-id=\"756bcb5\" data-element_type=\"widget\" data-widget_type=\"text-editor.default\">\n\t\t\t\t<div class=\"elementor-widget-container\">\n\t\t\t<style>\/*! elementor - v3.20.0 - 26-03-2024 *\/\n.elementor-widget-text-editor.elementor-drop-cap-view-stacked .elementor-drop-cap{background-color:#69727d;color:#fff}.elementor-widget-text-editor.elementor-drop-cap-view-framed .elementor-drop-cap{color:#69727d;border:3px solid;background-color:transparent}.elementor-widget-text-editor:not(.elementor-drop-cap-view-default) .elementor-drop-cap{margin-top:8px}.elementor-widget-text-editor:not(.elementor-drop-cap-view-default) .elementor-drop-cap-letter{width:1em;height:1em}.elementor-widget-text-editor .elementor-drop-cap{float:left;text-align:center;line-height:1;font-size:50px}.elementor-widget-text-editor .elementor-drop-cap-letter{display:inline-block}<\/style>\t\t\t\t<p>Parafialny Oddzia\u0142 Akcji Katolickiej przy Parafii \u015awi\u0119tej Kr\u00f3lowej Jadwigi w D\u0142ugiem zosta\u0142 w\u0142\u0105czony do struktur diecezjalnych 12 maja 2001 roku. Mia\u0142o to miejsce u st\u00f3p patrona stowarzyszenia, \u015bw. Andrzeja Boboli, podczas VI Pielgrzymki Akcji Katolickiej do Sanktuarium w Strachocinie. Ksi\u0119dzem Pra\u0142atem odpowiedzialnym za POAK zosta\u0142 Stanis\u0142aw Orzechowski. Po przej\u015bciu na emerytur\u0119 ksi\u0119dza Stanis\u0142awa, asystentem POAK zosta\u0142 proboszcz Robert Wyczawski.<\/p><p>Nasz oddzia\u0142 liczy 11 cz\u0142onk\u00f3w, a spotkania odbywaj\u0105 si\u0119 w pierwsze czwartki miesi\u0105ca. Zawsze uczestniczy w nich asystent ksi\u0105dz proboszcz. Rozpoczynamy je modlitw\u0105 do Ducha \u015awi\u0119tego, modlitw\u0105 za Ojczyzn\u0119 oraz codzienn\u0105 modlitw\u0105 cz\u0142onka POAK. Na zako\u0144czenie odmawiamy litani\u0119 do \u015bw. Andrzeja Boboli oraz dziesi\u0105tek r\u00f3\u017ca\u0144ca. Nast\u0119pnie, podczas kwadransu Ewangelicznego, dzielimy si\u0119 nasz\u0105 wiar\u0105, rozwa\u017caj\u0105c poszczeg\u00f3lne katechezy z materia\u0142\u00f3w formacyjnych POAK. Bierzemy czynny udzia\u0142 w wiosennych i jesiennych Dniach Skupienia oraz w Duchowej Adopcji Dziecka Pocz\u0119tego. Kilku cz\u0142onk\u00f3w AK pe\u0142ni funkcj\u0119 lektor\u00f3w podczas liturgii Mszy \u015awi\u0119tej. Co roku wraz z innymi grupami prowadzimy rozwa\u017cania Drogi Krzy\u017cowej zar\u00f3wno w ko\u015bciele, jak i na zewn\u0105trz. Organizujemy tak\u017ce kwest\u0119 dla Fundacji Wspierania Student\u00f3w z ubogich rodzin z okazji Dnia Papieskiego oraz prowadzimy w tym dniu r\u00f3\u017caniec. Zbieramy r\u00f3wnie\u017c podpisy popieraj\u0105ce og\u00f3lnopolskie inicjatywy spo\u0142eczne i wspieramy materialnie oraz modlitw\u0105 ksi\u0119\u017cy na misjach, takich jak budowa studni w Afryce czy ko\u015bcio\u0142a w Ekwadorze oraz wyposa\u017cenie ko\u015bcio\u0142a i sali katechetycznej.<\/p>\t\t\t\t\t\t<\/div>\n\t\t\t\t<\/div>\n\t\t\t\t\t<\/div>\n\t\t\t\t<\/div>\n\t\t\t\t<\/div>\n\t\t","protected":false},"excerpt":{"rendered":"<p>Akcja katolicka Parafialny Oddzia\u0142 Akcji Katolickiej przy Parafii \u015awi\u0119tej Kr\u00f3lowej Jadwigi w D\u0142ugiem zosta\u0142 w\u0142\u0105czony do struktur diecezjalnych 12 maja 2001 roku. Mia\u0142o to miejsce u st\u00f3p patrona stowarzyszenia, \u015bw. Andrzeja Boboli, podczas VI Pielgrzymki Akcji Katolickiej do Sanktuarium w Strachocinie. Ksi\u0119dzem Pra\u0142atem odpowiedzialnym za POAK zosta\u0142 Stanis\u0142aw Orzechowski. Po przej\u015bciu na emerytur\u0119 ksi\u0119dza Stanis\u0142awa, &hellip;<\/p>\n<p class=\"read-more\"> <a class=\"\" href=\"https:\/\/dlugie.przemyska.pl\/index.php\/akcja-katolicka\/\"> <span class=\"screen-reader-text\">Akcja katolicka<\/span> Read More &raquo;<\/a><\/p>\n","protected":false},"author":1,"featured_media":0,"parent":0,"menu_order":0,"comment_status":"closed","ping_status":"closed","template":"","meta":{"site-sidebar-layout":"no-sidebar","site-content-layout":"","ast-site-content-layout":"full-width-container","site-content-style":"default","site-sidebar-style":"default","ast-global-header-display":"","ast-banner-title-visibility":"","ast-main-header-display":"","ast-hfb-above-header-display":"","ast-hfb-below-header-display":"","ast-hfb-mobile-header-display":"","site-post-title":"disabled","ast-breadcrumbs-content":"","ast-featured-img":"disabled","footer-sml-layout":"","theme-transparent-header-meta":"","adv-header-id-meta":"","stick-header-meta":"","header-above-stick-meta":"","header-main-stick-meta":"","header-below-stick-meta":"","astra-migrate-meta-layouts":"","ast-page-background-enabled":"default","ast-page-background-meta":{"desktop":{"background-color":"var(--ast-global-color-4)","background-image":"","background-repeat":"repeat","background-position":"center center","background-size":"auto","background-attachment":"scroll","background-type":"","background-media":"","overlay-type":"","overlay-color":"","overlay-gradient":""},"tablet":{"background-color":"","background-image":"","background-repeat":"repeat","background-position":"center center","background-size":"auto","background-attachment":"scroll","background-type":"","background-media":"","overlay-type":"","overlay-color":"","overlay-gradient":""},"mobile":{"background-color":"","background-image":"","background-repeat":"repeat","background-position":"center center","background-size":"auto","background-attachment":"scroll","background-type":"","background-media":"","overlay-type":"","overlay-color":"","overlay-gradient":""}},"ast-content-background-meta":{"desktop":{"background-color":"var(--ast-global-color-5)","background-image":"","background-repeat":"repeat","background-position":"center center","background-size":"auto","background-attachment":"scroll","background-type":"","background-media":"","overlay-type":"","overlay-color":"","overlay-gradient":""},"tablet":{"background-color":"var(--ast-global-color-5)","background-image":"","background-repeat":"repeat","background-position":"center center","background-size":"auto","background-attachment":"scroll","background-type":"","background-media":"","overlay-type":"","overlay-color":"","overlay-gradient":""},"mobile":{"background-color":"var(--ast-global-color-5)","background-image":"","background-repeat":"repeat","background-position":"center center","background-size":"auto","background-attachment":"scroll","background-type":"","background-media":"","overlay-type":"","overlay-color":"","overlay-gradient":""}},"footnotes":""},"class_list":["post-594","page","type-page","status-publish","hentry"],"_links":{"self":[{"href":"https:\/\/dlugie.przemyska.pl\/index.php\/wp-json\/wp\/v2\/pages\/594","targetHints":{"allow":["GET"]}}],"collection":[{"href":"https:\/\/dlugie.przemyska.pl\/index.php\/wp-json\/wp\/v2\/pages"}],"about":[{"href":"https:\/\/dlugie.przemyska.pl\/index.php\/wp-json\/wp\/v2\/types\/page"}],"author":[{"embeddable":true,"href":"https:\/\/dlugie.przemyska.pl\/index.php\/wp-json\/wp\/v2\/users\/1"}],"replies":[{"embeddable":true,"href":"https:\/\/dlugie.przemyska.pl\/index.php\/wp-json\/wp\/v2\/comments?post=594"}],"version-history":[{"count":5,"href":"https:\/\/dlugie.przemyska.pl\/index.php\/wp-json\/wp\/v2\/pages\/594\/revisions"}],"predecessor-version":[{"id":600,"href":"https:\/\/dlugie.przemyska.pl\/index.php\/wp-json\/wp\/v2\/pages\/594\/revisions\/600"}],"wp:attachment":[{"href":"https:\/\/dlugie.przemyska.pl\/index.php\/wp-json\/wp\/v2\/media?parent=594"}],"curies":[{"name":"wp","href":"https:\/\/api.w.org\/{rel}","templated":true}]}}