{"id":570,"date":"2024-04-15T16:12:45","date_gmt":"2024-04-15T14:12:45","guid":{"rendered":"https:\/\/dlugie.przemyska.pl\/?page_id=570"},"modified":"2024-04-15T16:28:04","modified_gmt":"2024-04-15T14:28:04","slug":"schola","status":"publish","type":"page","link":"https:\/\/dlugie.przemyska.pl\/index.php\/schola\/","title":{"rendered":"Schola"},"content":{"rendered":"\t\t<div data-elementor-type=\"wp-page\" data-elementor-id=\"570\" class=\"elementor elementor-570\">\n\t\t\t\t<div class=\"elementor-element elementor-element-9337aa1 e-flex e-con-boxed e-con e-parent\" data-id=\"9337aa1\" data-element_type=\"container\" data-core-v316-plus=\"true\">\n\t\t\t\t\t<div class=\"e-con-inner\">\n\t\t\t\t<div class=\"elementor-element elementor-element-800f658 elementor-widget elementor-widget-heading\" data-id=\"800f658\" data-element_type=\"widget\" data-widget_type=\"heading.default\">\n\t\t\t\t<div class=\"elementor-widget-container\">\n\t\t\t<style>\/*! elementor - v3.20.0 - 26-03-2024 *\/\n.elementor-heading-title{padding:0;margin:0;line-height:1}.elementor-widget-heading .elementor-heading-title[class*=elementor-size-]>a{color:inherit;font-size:inherit;line-height:inherit}.elementor-widget-heading .elementor-heading-title.elementor-size-small{font-size:15px}.elementor-widget-heading .elementor-heading-title.elementor-size-medium{font-size:19px}.elementor-widget-heading .elementor-heading-title.elementor-size-large{font-size:29px}.elementor-widget-heading .elementor-heading-title.elementor-size-xl{font-size:39px}.elementor-widget-heading .elementor-heading-title.elementor-size-xxl{font-size:59px}<\/style><h2 class=\"elementor-heading-title elementor-size-default\">Schola<\/h2>\t\t<\/div>\n\t\t\t\t<\/div>\n\t\t\t\t\t<\/div>\n\t\t\t\t<\/div>\n\t\t<div class=\"elementor-element elementor-element-b3924eb e-flex e-con-boxed e-con e-parent\" data-id=\"b3924eb\" data-element_type=\"container\" data-core-v316-plus=\"true\">\n\t\t\t\t\t<div class=\"e-con-inner\">\n\t\t\t\t<div class=\"elementor-element elementor-element-1204610 elementor-widget elementor-widget-image\" data-id=\"1204610\" data-element_type=\"widget\" data-widget_type=\"image.default\">\n\t\t\t\t<div class=\"elementor-widget-container\">\n\t\t\t<style>\/*! elementor - v3.20.0 - 26-03-2024 *\/\n.elementor-widget-image{text-align:center}.elementor-widget-image a{display:inline-block}.elementor-widget-image a img[src$=\".svg\"]{width:48px}.elementor-widget-image img{vertical-align:middle;display:inline-block}<\/style>\t\t\t\t\t\t\t\t\t\t<img fetchpriority=\"high\" decoding=\"async\" width=\"2560\" height=\"1700\" src=\"https:\/\/dlugie.przemyska.pl\/wp-content\/uploads\/2024\/04\/schola-scaled.jpg\" class=\"attachment-full size-full wp-image-572\" alt=\"\" srcset=\"https:\/\/dlugie.przemyska.pl\/wp-content\/uploads\/2024\/04\/schola-scaled.jpg 2560w, https:\/\/dlugie.przemyska.pl\/wp-content\/uploads\/2024\/04\/schola-300x199.jpg 300w, https:\/\/dlugie.przemyska.pl\/wp-content\/uploads\/2024\/04\/schola-1024x680.jpg 1024w, https:\/\/dlugie.przemyska.pl\/wp-content\/uploads\/2024\/04\/schola-768x510.jpg 768w, https:\/\/dlugie.przemyska.pl\/wp-content\/uploads\/2024\/04\/schola-1536x1020.jpg 1536w, https:\/\/dlugie.przemyska.pl\/wp-content\/uploads\/2024\/04\/schola-2048x1360.jpg 2048w\" sizes=\"(max-width: 2560px) 100vw, 2560px\" \/>\t\t\t\t\t\t\t\t\t\t\t\t\t<\/div>\n\t\t\t\t<\/div>\n\t\t\t\t\t<\/div>\n\t\t\t\t<\/div>\n\t\t<div class=\"elementor-element elementor-element-ab2448b e-flex e-con-boxed e-con e-parent\" data-id=\"ab2448b\" data-element_type=\"container\" data-core-v316-plus=\"true\">\n\t\t\t\t\t<div class=\"e-con-inner\">\n\t\t<div class=\"elementor-element elementor-element-e30db36 e-con-full e-flex e-con e-child\" data-id=\"e30db36\" data-element_type=\"container\" data-settings=\"{&quot;background_background&quot;:&quot;classic&quot;}\">\n\t\t\t\t<div class=\"elementor-element elementor-element-3e82296 elementor-widget elementor-widget-heading\" data-id=\"3e82296\" data-element_type=\"widget\" data-widget_type=\"heading.default\">\n\t\t\t\t<div class=\"elementor-widget-container\">\n\t\t\t<h2 class=\"elementor-heading-title elementor-size-default\">Sk\u0142ad scholi<\/h2>\t\t<\/div>\n\t\t\t\t<\/div>\n\t\t\t\t<\/div>\n\t\t<div class=\"elementor-element elementor-element-86fc4df e-con-full e-flex e-con e-child\" data-id=\"86fc4df\" data-element_type=\"container\" data-settings=\"{&quot;background_background&quot;:&quot;classic&quot;}\">\n\t\t\t\t<div class=\"elementor-element elementor-element-57b8049 elementor-widget elementor-widget-text-editor\" data-id=\"57b8049\" data-element_type=\"widget\" data-widget_type=\"text-editor.default\">\n\t\t\t\t<div class=\"elementor-widget-container\">\n\t\t\t<style>\/*! elementor - v3.20.0 - 26-03-2024 *\/\n.elementor-widget-text-editor.elementor-drop-cap-view-stacked .elementor-drop-cap{background-color:#69727d;color:#fff}.elementor-widget-text-editor.elementor-drop-cap-view-framed .elementor-drop-cap{color:#69727d;border:3px solid;background-color:transparent}.elementor-widget-text-editor:not(.elementor-drop-cap-view-default) .elementor-drop-cap{margin-top:8px}.elementor-widget-text-editor:not(.elementor-drop-cap-view-default) .elementor-drop-cap-letter{width:1em;height:1em}.elementor-widget-text-editor .elementor-drop-cap{float:left;text-align:center;line-height:1;font-size:50px}.elementor-widget-text-editor .elementor-drop-cap-letter{display:inline-block}<\/style>\t\t\t\t<h4>M\u0142odsza schola:<\/h4>\n<ul>\n \t<li>Zuzia Kulikowska<\/li>\n \t<li>Natalia Twardy<\/li>\n \t<li>Nikola Radwa\u0144ska<\/li>\n \t<li>Marlena Cwynar<\/li>\n \t<li>Iza Demkowska<\/li>\n \t<li>Vanessa B\u0105k<\/li>\n \t<li>Blanka Florian<\/li>\n \t<li>Ewa Twardy<\/li>\n \t<li>Lena Kozimor<\/li>\n \t<li>Malwina Kozimor<\/li>\n \t<li>Zuzia Lutecka<\/li>\n \t<li>Wiktoria Wrona<\/li>\n<\/ul>\t\t\t\t\t\t<\/div>\n\t\t\t\t<\/div>\n\t\t\t\t<\/div>\n\t\t<div class=\"elementor-element elementor-element-d24860f e-con-full e-flex e-con e-child\" data-id=\"d24860f\" data-element_type=\"container\" data-settings=\"{&quot;background_background&quot;:&quot;classic&quot;}\">\n\t\t\t\t<div class=\"elementor-element elementor-element-d85f685 elementor-widget elementor-widget-text-editor\" data-id=\"d85f685\" data-element_type=\"widget\" data-widget_type=\"text-editor.default\">\n\t\t\t\t<div class=\"elementor-widget-container\">\n\t\t\t\t\t\t\t<h4>Starsza schola:<\/h4>\n<ul>\n \t<li>Joanna Kozimor<\/li>\n \t<li>Julita Zuza\u0144ska<\/li>\n \t<li>Milena Ciep\u0142y<\/li>\n \t<li>Anna Biele\u0144<\/li>\n \t<li>Anna Kabala<\/li>\n \t<li>Kamila Patrylak<\/li>\n \t<li>Gabriela Ma\u0142ek<\/li>\n \t<li>Katarzyna Rysz<\/li>\n \t<li>Anna Duda<\/li>\n \t<li>Maria Kurpiel<\/li>\n \t<li>Sylwia Kurpiel<\/li>\n \t<li>Paulina Cicho\u0144<\/li>\n<\/ul>\t\t\t\t\t\t<\/div>\n\t\t\t\t<\/div>\n\t\t\t\t<\/div>\n\t\t\t\t\t<\/div>\n\t\t\t\t<\/div>\n\t\t\t\t<\/div>\n\t\t","protected":false},"excerpt":{"rendered":"<p>Schola Sk\u0142ad scholi M\u0142odsza schola: Zuzia Kulikowska Natalia Twardy Nikola Radwa\u0144ska Marlena Cwynar Iza Demkowska Vanessa B\u0105k Blanka Florian Ewa Twardy Lena Kozimor Malwina Kozimor Zuzia Lutecka Wiktoria Wrona Starsza schola: Joanna Kozimor Julita Zuza\u0144ska Milena Ciep\u0142y Anna Biele\u0144 Anna Kabala Kamila Patrylak Gabriela Ma\u0142ek Katarzyna Rysz Anna Duda Maria Kurpiel Sylwia Kurpiel Paulina Cicho\u0144<\/p>\n","protected":false},"author":1,"featured_media":0,"parent":0,"menu_order":0,"comment_status":"closed","ping_status":"closed","template":"","meta":{"site-sidebar-layout":"no-sidebar","site-content-layout":"","ast-site-content-layout":"full-width-container","site-content-style":"default","site-sidebar-style":"default","ast-global-header-display":"","ast-banner-title-visibility":"","ast-main-header-display":"","ast-hfb-above-header-display":"","ast-hfb-below-header-display":"","ast-hfb-mobile-header-display":"","site-post-title":"disabled","ast-breadcrumbs-content":"","ast-featured-img":"disabled","footer-sml-layout":"","theme-transparent-header-meta":"","adv-header-id-meta":"","stick-header-meta":"","header-above-stick-meta":"","header-main-stick-meta":"","header-below-stick-meta":"","astra-migrate-meta-layouts":"","ast-page-background-enabled":"default","ast-page-background-meta":{"desktop":{"background-color":"var(--ast-global-color-4)","background-image":"","background-repeat":"repeat","background-position":"center center","background-size":"auto","background-attachment":"scroll","background-type":"","background-media":"","overlay-type":"","overlay-color":"","overlay-gradient":""},"tablet":{"background-color":"","background-image":"","background-repeat":"repeat","background-position":"center center","background-size":"auto","background-attachment":"scroll","background-type":"","background-media":"","overlay-type":"","overlay-color":"","overlay-gradient":""},"mobile":{"background-color":"","background-image":"","background-repeat":"repeat","background-position":"center center","background-size":"auto","background-attachment":"scroll","background-type":"","background-media":"","overlay-type":"","overlay-color":"","overlay-gradient":""}},"ast-content-background-meta":{"desktop":{"background-color":"var(--ast-global-color-5)","background-image":"","background-repeat":"repeat","background-position":"center center","background-size":"auto","background-attachment":"scroll","background-type":"","background-media":"","overlay-type":"","overlay-color":"","overlay-gradient":""},"tablet":{"background-color":"var(--ast-global-color-5)","background-image":"","background-repeat":"repeat","background-position":"center center","background-size":"auto","background-attachment":"scroll","background-type":"","background-media":"","overlay-type":"","overlay-color":"","overlay-gradient":""},"mobile":{"background-color":"var(--ast-global-color-5)","background-image":"","background-repeat":"repeat","background-position":"center center","background-size":"auto","background-attachment":"scroll","background-type":"","background-media":"","overlay-type":"","overlay-color":"","overlay-gradient":""}},"footnotes":""},"class_list":["post-570","page","type-page","status-publish","hentry"],"_links":{"self":[{"href":"https:\/\/dlugie.przemyska.pl\/index.php\/wp-json\/wp\/v2\/pages\/570","targetHints":{"allow":["GET"]}}],"collection":[{"href":"https:\/\/dlugie.przemyska.pl\/index.php\/wp-json\/wp\/v2\/pages"}],"about":[{"href":"https:\/\/dlugie.przemyska.pl\/index.php\/wp-json\/wp\/v2\/types\/page"}],"author":[{"embeddable":true,"href":"https:\/\/dlugie.przemyska.pl\/index.php\/wp-json\/wp\/v2\/users\/1"}],"replies":[{"embeddable":true,"href":"https:\/\/dlugie.przemyska.pl\/index.php\/wp-json\/wp\/v2\/comments?post=570"}],"version-history":[{"count":21,"href":"https:\/\/dlugie.przemyska.pl\/index.php\/wp-json\/wp\/v2\/pages\/570\/revisions"}],"predecessor-version":[{"id":635,"href":"https:\/\/dlugie.przemyska.pl\/index.php\/wp-json\/wp\/v2\/pages\/570\/revisions\/635"}],"wp:attachment":[{"href":"https:\/\/dlugie.przemyska.pl\/index.php\/wp-json\/wp\/v2\/media?parent=570"}],"curies":[{"name":"wp","href":"https:\/\/api.w.org\/{rel}","templated":true}]}}